{"id":2378,"date":"2026-04-04T04:15:53","date_gmt":"2026-04-04T04:15:53","guid":{"rendered":"https:\/\/miespaciodigital.net\/politica\/?page_id=2378"},"modified":"2026-04-04T04:17:01","modified_gmt":"2026-04-04T04:17:01","slug":"eje-14-defensa-nacional-y-soberania-v-5-0","status":"publish","type":"page","link":"https:\/\/miespaciodigital.net\/politica\/eje-14-defensa-nacional-y-soberania-v-5-0\/","title":{"rendered":"Eje 14 &#8211; Defensa Nacional y Soberan\u00eda V.5.0"},"content":{"rendered":"\t\t<div data-elementor-type=\"wp-page\" data-elementor-id=\"2378\" class=\"elementor elementor-2378\" data-elementor-post-type=\"page\">\n\t\t\t\t<div class=\"elementor-element elementor-element-3eae151 e-flex e-con-boxed e-con e-parent\" data-id=\"3eae151\" data-element_type=\"container\" data-e-type=\"container\">\n\t\t\t\t\t<div class=\"e-con-inner\">\n\t\t<div class=\"elementor-element elementor-element-227f0b0 e-con-full e-flex e-con e-child\" data-id=\"227f0b0\" data-element_type=\"container\" data-e-type=\"container\">\n\t\t\t\t<div class=\"elementor-element elementor-element-05830b3 elementor-widget elementor-widget-html\" data-id=\"05830b3\" data-element_type=\"widget\" data-e-type=\"widget\" data-widget_type=\"html.default\">\n\t\t\t\t\t<div style=\"font-family: 'Segoe UI', Roboto, Arial, sans-serif; text-align: center; padding: 40px; background: linear-gradient(180deg, #ffffff 0%, #fefefe 100%); border-radius: 25px; border: 1px solid #e0e0e0; box-shadow: 0px 20px 60px rgba(0,0,0,0.1); max-width: 880px; margin: 40px auto; position: relative;\">\r\n    \r\n    <div style=\"width: 320px; height: 320px; border-radius: 50%; overflow: hidden; border: 8px solid #0056b3; box-shadow: 0px 0px 30px rgba(0,86,179,0.5); position: relative; background-color: #000; margin: 0 auto 30px;\">\r\n        <iframe \r\n            src=\"https:\/\/www.youtube.com\/embed\/y44PfYd9Txc?autoplay=1&mute=0&loop=0&playlist=y44PfYd9Txc&controls=1&modestbranding=1&rel=0\" \r\n            style=\"position: absolute; top: 50%; left: 50%; width: 180%; height: 180%; transform: translate(-50%, -50%); border: none; object-fit: cover;\" \r\n            allow=\"autoplay; encrypted-media\">\r\n        <\/iframe>\r\n    <\/div>\r\n\r\n    <img decoding=\"async\" src=\"https:\/\/miespaciodigital.net\/politica\/wp-content\/uploads\/porky.jpg\" alt=\"Logo Porky\" style=\"width: 100px; height: auto; margin-top: -35px; z-index: 10; border: 3px solid #fff; border-radius: 10px;\">\r\n\r\n    <div style=\"font-size: 1.8em; color: #002d5a; line-height: 1.4; margin-top: 30px; margin-bottom: 35px; padding: 25px; text-align: justify; background-color: #f0f7ff; border-radius: 15px; border-left: 10px solid #0056b3; font-weight: 800; text-transform: uppercase; letter-spacing: 1px;\">\r\n        SOBERAN\u00cdA Y DISUASI\u00d3N TECNOL\u00d3GICA: BLINDAREMOS NUESTRAS FRONTERAS CON <strong>SISTEMAS DE VIGILANCIA SATELITAL E IA GEOESPACIAL<\/strong>, GARANTIZANDO QUE LA INTEGRIDAD TERRITORIAL SEA PROTEGIDA POR EL PODER DE LA CIENCIA MODERNA.\r\n    <\/div>\r\n\r\n    <a href=\"https:\/\/miespaciodigital.net\/politica\/eje-15-adm-publica-v-5\/\" style=\"text-decoration: none; display: inline-block; margin-bottom: 40px; transition: 0.3s;\">\r\n        <div style=\"background-color: #00aaff; padding: 15px 40px; border-radius: 12px; box-shadow: 0px 4px 15px rgba(0,170,255,0.4); border: 2px solid #ffffff;\">\r\n            <p style=\"color: #ffffff; font-size: 1.4em; text-transform: uppercase; letter-spacing: 2px; font-weight: 800; margin: 0;\">\r\n                SIGUIENTE: EJE 15 - ADM. P\u00daBLICA\r\n            <\/p>\r\n        <\/div>\r\n    <\/a>\r\n    \r\n    <br>\r\n\r\n    <a href=\"https:\/\/miespaciodigital.net\/politica\/\" \r\n       style=\"display: inline-block; padding: 18px 60px; background-color: #0056b3; color: #ffffff !important; text-decoration: none; border-radius: 50px; font-weight: 800; font-size: 1.1em; text-transform: uppercase; letter-spacing: 1.5px; box-shadow: 0px 8px 25px rgba(0,86,179,0.5);\">\r\n        VOLVER AL \u00cdNDICE\r\n    <\/a>\r\n\r\n<\/div>\t\t\t\t<\/div>\n\t\t\t\t<\/div>\n\t\t\t\t\t<\/div>\n\t\t\t\t<\/div>\n\t\t\t\t<\/div>\n\t\t","protected":false},"excerpt":{"rendered":"<p>SOBERAN\u00cdA Y DISUASI\u00d3N TECNOL\u00d3GICA: BLINDAREMOS NUESTRAS FRONTERAS CON SISTEMAS DE VIGILANCIA SATELITAL E IA GEOESPACIAL, GARANTIZANDO QUE LA INTEGRIDAD TERRITORIAL SEA PROTEGIDA POR EL PODER DE LA CIENCIA MODERNA. SIGUIENTE: EJE 15 &#8211; ADM. P\u00daBLICA VOLVER AL \u00cdNDICE<\/p>\n","protected":false},"author":1,"featured_media":0,"parent":0,"menu_order":0,"comment_status":"closed","ping_status":"closed","template":"","meta":{"footnotes":""},"class_list":["post-2378","page","type-page","status-publish","hentry"],"_links":{"self":[{"href":"https:\/\/miespaciodigital.net\/politica\/wp-json\/wp\/v2\/pages\/2378","targetHints":{"allow":["GET"]}}],"collection":[{"href":"https:\/\/miespaciodigital.net\/politica\/wp-json\/wp\/v2\/pages"}],"about":[{"href":"https:\/\/miespaciodigital.net\/politica\/wp-json\/wp\/v2\/types\/page"}],"author":[{"embeddable":true,"href":"https:\/\/miespaciodigital.net\/politica\/wp-json\/wp\/v2\/users\/1"}],"replies":[{"embeddable":true,"href":"https:\/\/miespaciodigital.net\/politica\/wp-json\/wp\/v2\/comments?post=2378"}],"version-history":[{"count":4,"href":"https:\/\/miespaciodigital.net\/politica\/wp-json\/wp\/v2\/pages\/2378\/revisions"}],"predecessor-version":[{"id":2382,"href":"https:\/\/miespaciodigital.net\/politica\/wp-json\/wp\/v2\/pages\/2378\/revisions\/2382"}],"wp:attachment":[{"href":"https:\/\/miespaciodigital.net\/politica\/wp-json\/wp\/v2\/media?parent=2378"}],"curies":[{"name":"wp","href":"https:\/\/api.w.org\/{rel}","templated":true}]}}