{"id":2257,"date":"2026-04-03T11:48:59","date_gmt":"2026-04-03T11:48:59","guid":{"rendered":"https:\/\/miespaciodigital.net\/politica\/?page_id=2257"},"modified":"2026-04-03T12:58:58","modified_gmt":"2026-04-03T12:58:58","slug":"eje-01-seguridad-ciudadana-v-5","status":"publish","type":"page","link":"https:\/\/miespaciodigital.net\/politica\/eje-01-seguridad-ciudadana-v-5\/","title":{"rendered":"Eje 01 &#8211; Seguridad Ciudadana V.5"},"content":{"rendered":"\t\t<div data-elementor-type=\"wp-page\" data-elementor-id=\"2257\" class=\"elementor elementor-2257\" data-elementor-post-type=\"page\">\n\t\t\t\t<div class=\"elementor-element elementor-element-6d391fc e-flex e-con-boxed e-con e-parent\" data-id=\"6d391fc\" data-element_type=\"container\" data-e-type=\"container\">\n\t\t\t\t\t<div class=\"e-con-inner\">\n\t\t\t\t<div class=\"elementor-element elementor-element-fc0d160 elementor-widget elementor-widget-html\" data-id=\"fc0d160\" data-element_type=\"widget\" data-e-type=\"widget\" data-widget_type=\"html.default\">\n\t\t\t\t\t<div style=\"font-family: 'Segoe UI', Roboto, Arial, sans-serif; text-align: center; padding: 40px; background: linear-gradient(180deg, #ffffff 0%, #fefefe 100%); border-radius: 25px; border: 1px solid #e0e0e0; box-shadow: 0px 20px 60px rgba(0,0,0,0.1); max-width: 880px; margin: 40px auto; position: relative;\">\r\n    \r\n    <div style=\"width: 320px; height: 320px; border-radius: 50%; overflow: hidden; border: 8px solid #0056b3; box-shadow: 0px 0px 30px rgba(0,86,179,0.5); position: relative; background-color: #000; margin: 0 auto 30px;\">\r\n        <iframe \r\n            src=\"https:\/\/www.youtube.com\/embed\/MA0KyPyK6dA?autoplay=1&mute=0&loop=0&playlist=MA0KyPyK6dA&controls=1&modestbranding=1&rel=0\" \r\n            style=\"position: absolute; top: 50%; left: 50%; width: 180%; height: 180%; transform: translate(-50%, -50%); border: none; object-fit: cover;\" \r\n            allow=\"autoplay; encrypted-media\">\r\n        <\/iframe>\r\n    <\/div>\r\n\r\n    <img decoding=\"async\" src=\"https:\/\/miespaciodigital.net\/politica\/wp-content\/uploads\/porky.jpg\" alt=\"Logo Porky\" style=\"width: 100px; height: auto; margin-top: -35px; z-index: 10; border: 3px solid #fff; border-radius: 10px;\">\r\n\r\n    <div style=\"font-size: 1.8em; color: #002d5a; line-height: 1.4; margin-top: 30px; margin-bottom: 35px; padding: 25px; text-align: justify; background-color: #f0f7ff; border-radius: 15px; border-left: 10px solid #0056b3; font-weight: 800; text-transform: uppercase; letter-spacing: 1px;\">\r\n        IMPLEMENTAREMOS EL PLAN <strong>\"BARRIO SEGURO IA\"<\/strong>: BLINDAREMOS NUESTRAS CALLES CON <strong>P\u00d3RTICOS DE VIGILANCIA INTELIGENTE, C\u00c1MARAS DE RECONOCIMIENTO FACIAL Y PATRULLAJE CON DRONES AUT\u00d3NOMOS<\/strong>, ASEGURANDO UNA RESPUESTA INMEDIATA CONTRA EL CRIMEN.\r\n    <\/div>\r\n\r\n    <a href=\"https:\/\/miespaciodigital.net\/politica\/\" style=\"text-decoration: none; display: inline-block; margin-bottom: 40px; transition: 0.3s;\">\r\n        <div style=\"background-color: #00aaff; padding: 15px 40px; border-radius: 12px; box-shadow: 0px 4px 15px rgba(0,170,255,0.4); border: 2px solid #ffffff;\">\r\n            <p style=\"color: #ffffff; font-size: 1.4em; text-transform: uppercase; letter-spacing: 2px; font-weight: 800; margin: 0;\">\r\n                EJE 01: SEGURIDAD CIUDADANA V.5\r\n            <\/p>\r\n        <\/div>\r\n    <\/a>\r\n    \r\n    <br>\r\n\r\n    <a href=\"https:\/\/miespaciodigital.net\/politica\/\" \r\n       style=\"display: inline-block; padding: 18px 60px; background-color: #0056b3; color: #ffffff !important; text-decoration: none; border-radius: 50px; font-weight: 800; font-size: 1.1em; text-transform: uppercase; letter-spacing: 1.5px; box-shadow: 0px 8px 25px rgba(0,86,179,0.5);\">\r\n        INFORMARSE EN EL \u00cdNDICE\r\n    <\/a>\r\n\r\n<\/div>\t\t\t\t<\/div>\n\t\t\t\t\t<\/div>\n\t\t\t\t<\/div>\n\t\t\t\t<\/div>\n\t\t","protected":false},"excerpt":{"rendered":"<p>IMPLEMENTAREMOS EL PLAN \u00abBARRIO SEGURO IA\u00bb: BLINDAREMOS NUESTRAS CALLES CON P\u00d3RTICOS DE VIGILANCIA INTELIGENTE, C\u00c1MARAS DE RECONOCIMIENTO FACIAL Y PATRULLAJE CON DRONES AUT\u00d3NOMOS, ASEGURANDO UNA RESPUESTA INMEDIATA CONTRA EL CRIMEN. EJE 01: SEGURIDAD CIUDADANA V.5 INFORMARSE EN EL \u00cdNDICE<\/p>\n","protected":false},"author":1,"featured_media":0,"parent":0,"menu_order":0,"comment_status":"closed","ping_status":"closed","template":"","meta":{"footnotes":""},"class_list":["post-2257","page","type-page","status-publish","hentry"],"_links":{"self":[{"href":"https:\/\/miespaciodigital.net\/politica\/wp-json\/wp\/v2\/pages\/2257","targetHints":{"allow":["GET"]}}],"collection":[{"href":"https:\/\/miespaciodigital.net\/politica\/wp-json\/wp\/v2\/pages"}],"about":[{"href":"https:\/\/miespaciodigital.net\/politica\/wp-json\/wp\/v2\/types\/page"}],"author":[{"embeddable":true,"href":"https:\/\/miespaciodigital.net\/politica\/wp-json\/wp\/v2\/users\/1"}],"replies":[{"embeddable":true,"href":"https:\/\/miespaciodigital.net\/politica\/wp-json\/wp\/v2\/comments?post=2257"}],"version-history":[{"count":13,"href":"https:\/\/miespaciodigital.net\/politica\/wp-json\/wp\/v2\/pages\/2257\/revisions"}],"predecessor-version":[{"id":2273,"href":"https:\/\/miespaciodigital.net\/politica\/wp-json\/wp\/v2\/pages\/2257\/revisions\/2273"}],"wp:attachment":[{"href":"https:\/\/miespaciodigital.net\/politica\/wp-json\/wp\/v2\/media?parent=2257"}],"curies":[{"name":"wp","href":"https:\/\/api.w.org\/{rel}","templated":true}]}}